{"id":149,"date":"2023-03-23T12:15:00","date_gmt":"2023-03-23T10:15:00","guid":{"rendered":"https:\/\/inoxitratjp.es\/?page_id=149"},"modified":"2023-03-28T08:33:12","modified_gmt":"2023-03-28T06:33:12","slug":"satinado","status":"publish","type":"page","link":"https:\/\/inoxitratjp.es\/index.php\/satinado\/","title":{"rendered":"Satinado \/ Mate"},"content":{"rendered":"\n<p><strong>Es otro de los acabados que ofrecemos. \u00c9ste, consiste en dejar la pieza con un acabado mate, el cual no brilla ni refleja. Se utiliza especialmente para industrias como las alimenticias, farmac\u00e9uticas y textiles.<\/strong><\/p>\n\n\n\n<p><strong>Disponemos de medidores de rugosidad, acredit\u00e1ndole los certificados de la medici\u00f3n. Estas mediciones solo son v\u00e1lidas para el pulido tipo brillo y el satinado, siempre y cuando sea necesario y lo solicite el cliente.<\/strong><\/p>\n\n\n\n<p><\/p>\n","protected":false},"excerpt":{"rendered":"<p>Es otro de los acabados que ofrecemos. \u00c9ste, consiste en dejar la pieza con un acabado mate, el cual no brilla ni refleja. Se utiliza especialmente para industrias como las alimenticias, farmac\u00e9uticas y textiles. Disponemos de medidores de rugosidad, acredit\u00e1ndole los certificados de la medici\u00f3n. Estas mediciones solo son v\u00e1lidas para el pulido tipo brillo [&hellip;]<\/p>\n","protected":false},"author":1,"featured_media":0,"parent":0,"menu_order":0,"comment_status":"closed","ping_status":"closed","template":"","meta":{"om_disable_all_campaigns":false,"_mi_skip_tracking":false,"_monsterinsights_sitenote_active":false,"_monsterinsights_sitenote_note":"","_monsterinsights_sitenote_category":0,"footnotes":""},"class_list":["post-149","page","type-page","status-publish","hentry"],"aioseo_notices":[],"_links":{"self":[{"href":"https:\/\/inoxitratjp.es\/index.php\/wp-json\/wp\/v2\/pages\/149","targetHints":{"allow":["GET"]}}],"collection":[{"href":"https:\/\/inoxitratjp.es\/index.php\/wp-json\/wp\/v2\/pages"}],"about":[{"href":"https:\/\/inoxitratjp.es\/index.php\/wp-json\/wp\/v2\/types\/page"}],"author":[{"embeddable":true,"href":"https:\/\/inoxitratjp.es\/index.php\/wp-json\/wp\/v2\/users\/1"}],"replies":[{"embeddable":true,"href":"https:\/\/inoxitratjp.es\/index.php\/wp-json\/wp\/v2\/comments?post=149"}],"version-history":[{"count":3,"href":"https:\/\/inoxitratjp.es\/index.php\/wp-json\/wp\/v2\/pages\/149\/revisions"}],"predecessor-version":[{"id":187,"href":"https:\/\/inoxitratjp.es\/index.php\/wp-json\/wp\/v2\/pages\/149\/revisions\/187"}],"wp:attachment":[{"href":"https:\/\/inoxitratjp.es\/index.php\/wp-json\/wp\/v2\/media?parent=149"}],"curies":[{"name":"wp","href":"https:\/\/api.w.org\/{rel}","templated":true}]}}