{"id":159,"date":"2023-03-23T12:17:38","date_gmt":"2023-03-23T10:17:38","guid":{"rendered":"https:\/\/inoxitratjp.es\/?page_id=159"},"modified":"2023-05-30T10:19:01","modified_gmt":"2023-05-30T08:19:01","slug":"pulido","status":"publish","type":"page","link":"https:\/\/inoxitratjp.es\/index.php\/pulido\/","title":{"rendered":"Pulido"},"content":{"rendered":"\n<p><strong>Es un tratamiento para el acero inoxidable, en el cual estamos especializados, para darles un acabado seg\u00fan lo deseado. Lo conseguimos utilizando m\u00e1quina fijas y port\u00e1tiles. Los diferentes tipos de pulido que tenemos son:\u00a0BRILLO,\u00a0SATINADO,\u00a0VIBRADO.<\/strong><\/p>\n","protected":false},"excerpt":{"rendered":"<p>Es un tratamiento para el acero inoxidable, en el cual estamos especializados, para darles un acabado seg\u00fan lo deseado. Lo conseguimos utilizando m\u00e1quina fijas y port\u00e1tiles. Los diferentes tipos de pulido que tenemos son:\u00a0BRILLO,\u00a0SATINADO,\u00a0VIBRADO.<\/p>\n","protected":false},"author":1,"featured_media":0,"parent":0,"menu_order":0,"comment_status":"closed","ping_status":"closed","template":"","meta":{"om_disable_all_campaigns":false,"_mi_skip_tracking":false,"_monsterinsights_sitenote_active":false,"_monsterinsights_sitenote_note":"","_monsterinsights_sitenote_category":0,"footnotes":""},"class_list":["post-159","page","type-page","status-publish","hentry"],"aioseo_notices":[],"_links":{"self":[{"href":"https:\/\/inoxitratjp.es\/index.php\/wp-json\/wp\/v2\/pages\/159","targetHints":{"allow":["GET"]}}],"collection":[{"href":"https:\/\/inoxitratjp.es\/index.php\/wp-json\/wp\/v2\/pages"}],"about":[{"href":"https:\/\/inoxitratjp.es\/index.php\/wp-json\/wp\/v2\/types\/page"}],"author":[{"embeddable":true,"href":"https:\/\/inoxitratjp.es\/index.php\/wp-json\/wp\/v2\/users\/1"}],"replies":[{"embeddable":true,"href":"https:\/\/inoxitratjp.es\/index.php\/wp-json\/wp\/v2\/comments?post=159"}],"version-history":[{"count":3,"href":"https:\/\/inoxitratjp.es\/index.php\/wp-json\/wp\/v2\/pages\/159\/revisions"}],"predecessor-version":[{"id":438,"href":"https:\/\/inoxitratjp.es\/index.php\/wp-json\/wp\/v2\/pages\/159\/revisions\/438"}],"wp:attachment":[{"href":"https:\/\/inoxitratjp.es\/index.php\/wp-json\/wp\/v2\/media?parent=159"}],"curies":[{"name":"wp","href":"https:\/\/api.w.org\/{rel}","templated":true}]}}