{"id":171,"date":"2023-03-23T12:26:23","date_gmt":"2023-03-23T10:26:23","guid":{"rendered":"https:\/\/inoxitratjp.es\/?page_id=171"},"modified":"2023-03-23T12:28:38","modified_gmt":"2023-03-23T10:28:38","slug":"laca","status":"publish","type":"page","link":"https:\/\/inoxitratjp.es\/index.php\/laca\/","title":{"rendered":"Laca"},"content":{"rendered":"\n<p class=\"has-text-align-left\"><strong>Barnizado decorativo de metales, incoloro, d\u00e1ndole un acabado mate. Se aplica con una pistola de aerografica, proporcionando una pel\u00edcula de protecci\u00f3n con el fin de evitar posibles marcas de manipulaci\u00f3n. Este acabado no se puede aplicar en piezas destinadas a m\u00e1quinas para la industria alimentaria.<\/strong><\/p>\n","protected":false},"excerpt":{"rendered":"<p>Barnizado decorativo de metales, incoloro, d\u00e1ndole un acabado mate. Se aplica con una pistola de aerografica, proporcionando una pel\u00edcula de protecci\u00f3n con el fin de evitar posibles marcas de manipulaci\u00f3n. Este acabado no se puede aplicar en piezas destinadas a m\u00e1quinas para la industria alimentaria.<\/p>\n","protected":false},"author":1,"featured_media":0,"parent":0,"menu_order":0,"comment_status":"closed","ping_status":"closed","template":"","meta":{"om_disable_all_campaigns":false,"_mi_skip_tracking":false,"_monsterinsights_sitenote_active":false,"_monsterinsights_sitenote_note":"","_monsterinsights_sitenote_category":0,"footnotes":""},"class_list":["post-171","page","type-page","status-publish","hentry"],"aioseo_notices":[],"_links":{"self":[{"href":"https:\/\/inoxitratjp.es\/index.php\/wp-json\/wp\/v2\/pages\/171","targetHints":{"allow":["GET"]}}],"collection":[{"href":"https:\/\/inoxitratjp.es\/index.php\/wp-json\/wp\/v2\/pages"}],"about":[{"href":"https:\/\/inoxitratjp.es\/index.php\/wp-json\/wp\/v2\/types\/page"}],"author":[{"embeddable":true,"href":"https:\/\/inoxitratjp.es\/index.php\/wp-json\/wp\/v2\/users\/1"}],"replies":[{"embeddable":true,"href":"https:\/\/inoxitratjp.es\/index.php\/wp-json\/wp\/v2\/comments?post=171"}],"version-history":[{"count":2,"href":"https:\/\/inoxitratjp.es\/index.php\/wp-json\/wp\/v2\/pages\/171\/revisions"}],"predecessor-version":[{"id":177,"href":"https:\/\/inoxitratjp.es\/index.php\/wp-json\/wp\/v2\/pages\/171\/revisions\/177"}],"wp:attachment":[{"href":"https:\/\/inoxitratjp.es\/index.php\/wp-json\/wp\/v2\/media?parent=171"}],"curies":[{"name":"wp","href":"https:\/\/api.w.org\/{rel}","templated":true}]}}