{"id":35,"date":"2022-08-24T17:05:00","date_gmt":"2022-08-24T17:05:00","guid":{"rendered":"https:\/\/inoxitratjp.es\/?page_id=35"},"modified":"2022-08-25T12:08:48","modified_gmt":"2022-08-25T10:08:48","slug":"about","status":"publish","type":"page","link":"https:\/\/inoxitratjp.es\/index.php\/about\/","title":{"rendered":"La empresa"},"content":{"rendered":"\n<p>Esta idea surge de la visi\u00f3n de uno de los socios, Juan Reyes Moreno, ya que a los 18 a\u00f1os empez\u00f3 a trabajar en un taller de pulido de acero inoxidable y tratamientos de superficies met\u00e1licas. Despu\u00e9s de 25 a\u00f1os trabajando adquiri\u00f3 toda la experiencia que se puede tener Para tener su propio negocio. Despu\u00e9s de todo este tiempo trabajando est\u00e1 capacitado para efectuar terminaciones muy espec\u00edficas en el campo alimentario y farmac\u00e9utico.<\/p>\n\n\n\n<p>El sector al cual se enfoca la actividad comercial de Inoxitrat JP sl es primordialmente el de la industria de envasado, tanto en el campo de la alimentaci\u00f3n como en el campo farmac\u00e9utico, en toda la naci\u00f3n de Espa\u00f1a, continente europeo y mundial.<br>La industria Inoxitrat JP sl Se enmarca en la terminaci\u00f3n y tratamiento de acero inoxidable para el sector alimentario y farmac\u00e9utico Presenta un crecimiento continuo en el nuestro pa\u00eds y fuera de \u00e9l. La crisis del COVID19, No pudo frenar esta industria, Ya que est\u00e1 relacionada con productos de primera necesidad como es la alimentaci\u00f3n y la farmac\u00e9utica.<\/p>\n","protected":false},"excerpt":{"rendered":"<p>Esta idea surge de la visi\u00f3n de uno de los socios, Juan Reyes Moreno, ya que a los 18 a\u00f1os empez\u00f3 a trabajar en un taller de pulido de acero inoxidable y tratamientos de superficies met\u00e1licas. Despu\u00e9s de 25 a\u00f1os trabajando adquiri\u00f3 toda la experiencia que se puede tener Para tener su propio negocio. Despu\u00e9s [&hellip;]<\/p>\n","protected":false},"author":1,"featured_media":0,"parent":0,"menu_order":0,"comment_status":"closed","ping_status":"closed","template":"","meta":{"om_disable_all_campaigns":false,"_mi_skip_tracking":false,"_monsterinsights_sitenote_active":false,"_monsterinsights_sitenote_note":"","_monsterinsights_sitenote_category":0,"footnotes":""},"class_list":["post-35","page","type-page","status-publish","hentry"],"aioseo_notices":[],"_links":{"self":[{"href":"https:\/\/inoxitratjp.es\/index.php\/wp-json\/wp\/v2\/pages\/35","targetHints":{"allow":["GET"]}}],"collection":[{"href":"https:\/\/inoxitratjp.es\/index.php\/wp-json\/wp\/v2\/pages"}],"about":[{"href":"https:\/\/inoxitratjp.es\/index.php\/wp-json\/wp\/v2\/types\/page"}],"author":[{"embeddable":true,"href":"https:\/\/inoxitratjp.es\/index.php\/wp-json\/wp\/v2\/users\/1"}],"replies":[{"embeddable":true,"href":"https:\/\/inoxitratjp.es\/index.php\/wp-json\/wp\/v2\/comments?post=35"}],"version-history":[{"count":4,"href":"https:\/\/inoxitratjp.es\/index.php\/wp-json\/wp\/v2\/pages\/35\/revisions"}],"predecessor-version":[{"id":99,"href":"https:\/\/inoxitratjp.es\/index.php\/wp-json\/wp\/v2\/pages\/35\/revisions\/99"}],"wp:attachment":[{"href":"https:\/\/inoxitratjp.es\/index.php\/wp-json\/wp\/v2\/media?parent=35"}],"curies":[{"name":"wp","href":"https:\/\/api.w.org\/{rel}","templated":true}]}}