{"id":36,"date":"2022-08-24T17:05:00","date_gmt":"2022-08-24T17:05:00","guid":{"rendered":"https:\/\/inoxitratjp.es\/?page_id=36"},"modified":"2023-03-28T09:26:18","modified_gmt":"2023-03-28T07:26:18","slug":"contact","status":"publish","type":"page","link":"https:\/\/inoxitratjp.es\/index.php\/contact\/","title":{"rendered":"Contacta con nosotros"},"content":{"rendered":"\n<p>Nuestro horario es de lunes a viernes, exceptuando festivos locales, nacionales.<br>Horario de atenci\u00f3n de 7:00h a 13:00h.<\/p>\n\n\n\n<div class=\"wp-block-buttons is-layout-flex wp-block-buttons-is-layout-flex\"><\/div>\n\n\n<div class=\"wpforms-container wpforms-container-full wpforms-block\" id=\"wpforms-70\"><form id=\"wpforms-form-70\" class=\"wpforms-validate wpforms-form wpforms-ajax-form\" data-formid=\"70\" method=\"post\" enctype=\"multipart\/form-data\" action=\"\/index.php\/wp-json\/wp\/v2\/pages\/36\" data-token=\"26f090f989fcc404f76781b7983daf2f\"><noscript class=\"wpforms-error-noscript\">Por favor, activa JavaScript en tu navegador para completar este formulario.<\/noscript><div class=\"wpforms-field-container\"><div id=\"wpforms-70-field_0-container\" class=\"wpforms-field wpforms-field-name\" data-field-id=\"0\"><label class=\"wpforms-field-label\" for=\"wpforms-70-field_0\">Nombre <span class=\"wpforms-required-label\">*<\/span><\/label><div class=\"wpforms-field-row wpforms-field-medium\"><div class=\"wpforms-field-row-block wpforms-first wpforms-one-half\"><input type=\"text\" id=\"wpforms-70-field_0\" class=\"wpforms-field-name-first wpforms-field-required\" name=\"wpforms[fields][0][first]\" required><label for=\"wpforms-70-field_0\" class=\"wpforms-field-sublabel after \">Nombre<\/label><\/div><div class=\"wpforms-field-row-block wpforms-one-half\"><input type=\"text\" id=\"wpforms-70-field_0-last\" class=\"wpforms-field-name-last wpforms-field-required\" name=\"wpforms[fields][0][last]\" required><label for=\"wpforms-70-field_0-last\" class=\"wpforms-field-sublabel after \">Apellidos<\/label><\/div><\/div><\/div><div id=\"wpforms-70-field_1-container\" class=\"wpforms-field wpforms-field-email\" data-field-id=\"1\"><label class=\"wpforms-field-label\" for=\"wpforms-70-field_1\">Correo electr\u00f3nico <span class=\"wpforms-required-label\">*<\/span><\/label><input type=\"email\" id=\"wpforms-70-field_1\" class=\"wpforms-field-medium wpforms-field-required\" name=\"wpforms[fields][1]\" spellcheck=\"false\" required><\/div><div id=\"wpforms-70-field_2-container\" class=\"wpforms-field wpforms-field-textarea\" data-field-id=\"2\"><label class=\"wpforms-field-label\" for=\"wpforms-70-field_2\">Comentario o mensaje<\/label><textarea id=\"wpforms-70-field_2\" class=\"wpforms-field-medium\" name=\"wpforms[fields][2]\" ><\/textarea><\/div><div id=\"wpforms-70-field_3-container\" class=\"wpforms-field wpforms-field-number\" data-field-id=\"3\"><label class=\"wpforms-field-label\" for=\"wpforms-70-field_3\">N\u00fameros de telefono<\/label><input type=\"number\" pattern=\"\\d*\" id=\"wpforms-70-field_3\" class=\"wpforms-field-medium\" name=\"wpforms[fields][3]\" ><\/div><\/div><!-- .wpforms-field-container --><div class=\"wpforms-submit-container\" ><input type=\"hidden\" name=\"wpforms[id]\" value=\"70\"><input type=\"hidden\" name=\"wpforms[author]\" value=\"1\"><button type=\"submit\" name=\"wpforms[submit]\" id=\"wpforms-submit-70\" class=\"wpforms-submit\" data-alt-text=\"Enviando...\" data-submit-text=\"Enviar\" aria-live=\"assertive\" value=\"wpforms-submit\">Enviar<\/button><img loading=\"lazy\" decoding=\"async\" src=\"https:\/\/inoxitratjp.es\/wp-content\/plugins\/wpforms-lite\/assets\/images\/submit-spin.svg\" class=\"wpforms-submit-spinner\" style=\"display: none;\" width=\"26\" height=\"26\" alt=\"Cargando\"><\/div><\/form><\/div>  <!-- .wpforms-container -->\n\n\n<p>Si desea contactar con nosotros puede llamar a nuestro tel\u00e9fono de contacto o enviar un correo electr\u00f3nico mediante el siguiente formulario.<\/p>\n\n\n\n<p><strong><strong>\u00a0<strong><a class=\"maxbutton-7 maxbutton maxbutton-estamos-aqui\" href=\"https:\/\/www.google.es\/maps\/place\/Inoxitrat+JP+sl\/@41.5324605,2.1078092,16.75z\/data=!4m6!3m5!1s0x12a4954e50fc4345:0xdb74a8ac481c05e2!8m2!3d41.5327218!4d2.1080358!16s\/g\/11tp05_fp7?hl=es\"><span class='mb-text'>Pincha aqui para saber nuestra ubicacion<\/span><\/a><\/strong><\/strong><\/strong><\/p>\n","protected":false},"excerpt":{"rendered":"<p>Nuestro horario es de lunes a viernes, exceptuando festivos locales, nacionales.Horario de atenci\u00f3n de 7:00h a 13:00h. Si desea contactar con nosotros puede llamar a nuestro tel\u00e9fono de contacto o enviar un correo electr\u00f3nico mediante el siguiente formulario. \u00a0<\/p>\n","protected":false},"author":1,"featured_media":0,"parent":0,"menu_order":0,"comment_status":"closed","ping_status":"closed","template":"","meta":{"om_disable_all_campaigns":false,"_mi_skip_tracking":false,"_monsterinsights_sitenote_active":false,"_monsterinsights_sitenote_note":"","_monsterinsights_sitenote_category":0,"footnotes":""},"class_list":["post-36","page","type-page","status-publish","hentry"],"aioseo_notices":[],"_links":{"self":[{"href":"https:\/\/inoxitratjp.es\/index.php\/wp-json\/wp\/v2\/pages\/36","targetHints":{"allow":["GET"]}}],"collection":[{"href":"https:\/\/inoxitratjp.es\/index.php\/wp-json\/wp\/v2\/pages"}],"about":[{"href":"https:\/\/inoxitratjp.es\/index.php\/wp-json\/wp\/v2\/types\/page"}],"author":[{"embeddable":true,"href":"https:\/\/inoxitratjp.es\/index.php\/wp-json\/wp\/v2\/users\/1"}],"replies":[{"embeddable":true,"href":"https:\/\/inoxitratjp.es\/index.php\/wp-json\/wp\/v2\/comments?post=36"}],"version-history":[{"count":12,"href":"https:\/\/inoxitratjp.es\/index.php\/wp-json\/wp\/v2\/pages\/36\/revisions"}],"predecessor-version":[{"id":201,"href":"https:\/\/inoxitratjp.es\/index.php\/wp-json\/wp\/v2\/pages\/36\/revisions\/201"}],"wp:attachment":[{"href":"https:\/\/inoxitratjp.es\/index.php\/wp-json\/wp\/v2\/media?parent=36"}],"curies":[{"name":"wp","href":"https:\/\/api.w.org\/{rel}","templated":true}]}}